{"id":397,"date":"2021-10-27T19:58:53","date_gmt":"2021-10-27T12:58:53","guid":{"rendered":"http:\/\/toanhung.minhtammedia.vn\/?post_type=product&#038;p=397"},"modified":"2023-05-13T11:06:11","modified_gmt":"2023-05-13T04:06:11","slug":"chiano","status":"publish","type":"product","link":"https:\/\/toanhung.com\/vi\/product\/chiano\/","title":{"rendered":"Chiano"},"content":{"rendered":"<div class=\"row\"  id=\"row-79409965\">\n\n\t<div id=\"col-42598292\" class=\"col medium-6 small-12 large-6\"  >\n\t\t\t\t<div class=\"col-inner\"  >\n\t\t\t\n\t\t\t\n<div class=\"is-divider divider clearfix\" style=\"max-width:100%;height:1px;background-color:rgba(0, 0, 0, 0.453);\"><\/div>\n<h2><strong><span style=\"color: #333399;\">CHIANO<\/span><\/strong><\/h2>\n<h3><span style=\"color: #3366ff; font-size: 90%;\">\u1ee8ng d\u1ee5ng v\u00e0 th\u1ecb tr\u01b0\u1eddng:<\/span><\/h3>\n<p><span style=\"font-size: 90%;\">Ch\u1ee7 y\u1ebfu l\u00e0 t\u00f4m. N\u0103ng su\u1ea5t cao v\u00e0 gi\u1eef \u0111\u01b0\u1ee3c m\u00e0u s\u1eafc t\u1ef1 nhi\u00ean c\u1ee7a t\u00f4m. R\u1ea5t ph\u00f9 h\u1ee3p v\u1edbi m\u1ecdi th\u1ecb tr\u01b0\u1eddng.<\/span><\/p>\n<h3><span style=\"color: #3366ff; font-size: 90%;\">Thu\u1ed9c t\u00ednh:<\/span><\/h3>\n<p><span style=\"font-size: 90%;\">K\u00e9o d\u00e0i th\u1eddi h\u1ea1n s\u1eed d\u1ee5ng b\u1eb1ng c\u00e1ch t\u00e1i hydrat h\u00f3a s\u1ea3n ph\u1ea9m v\u00e0 b\u1ea3o v\u1ec7 b\u1ec1 m\u1eb7t T\u0103ng tr\u1ecdng l\u01b0\u1ee3ng<\/span><\/p>\n<p><span style=\"font-size: 90%;\">Gi\u1ea3m t\u00ecnh tr\u1ea1ng \u0111\u00f4ng l\u1ea1nh v\u00e0 hao h\u1ee5t khi n\u1ea5u C\u1ea3i thi\u1ec7n h\u01b0\u01a1ng v\u1ecb<\/span><\/p>\n<p><span style=\"font-size: 90%;\">Gi\u1eef nguy\u00ean h\u00ecnh th\u1ee9c, m\u00e0u s\u1eafc v\u00e0 k\u1ebft c\u1ea5u<\/span><\/p>\n<h3><span style=\"color: #3366ff; font-size: 90%;\">Th\u00e0nh ph\u1ea7n:<\/span><\/h3>\n<p><span style=\"font-size: 90%;\">Sodium Citrate ( E331 iii) <\/span><\/p>\n<p><span style=\"font-size: 90%;\">Kali Citrate ( E332 ii) <\/span><\/p>\n<p><span style=\"font-size: 90%;\">Axit citric (E330) <\/span><\/p>\n<p><span style=\"font-size: 90%;\">Natri Clorua<\/span><\/p>\n<h3><span style=\"font-size: 90%; color: #3366ff;\">Th\u00f4ng s\u1ed1 k\u1ef9 thu\u1eadt:<\/span><\/h3>\n<table style=\"border-collapse: crash; width: 56.4271%; height: 374px;\">\n<tbody>\n<tr style=\"height: 38px;\">\n<td style=\"width: 254.922px; text-align: center; height: 38px;\"><span style=\"font-size: 90%; color: #000000;\"><strong>\u00a0<\/strong><strong >M\u00f4 t\u1ea3<\/strong><\/span><\/td>\n<td style=\"width: 256.078px; text-align: center; height: 38px;\"><span style=\"font-size: 90%; color: #000000;\"><strong>\u00a0<\/strong><strong >Th\u00f4ng s\u1ed1<\/strong><\/span><\/td>\n<\/tr>\n<tr style=\"height: 38px;\">\n<td style=\"width: 254.922px; text-align: center; height: 38px;\"><span style=\"font-size: 90%;\">H\u00ecnh th\u1ee9c<\/span><\/td>\n<td style=\"width: 256.078px; text-align: center; height: 38px;\"><span style=\"font-size: 90%;\">B\u1ed9t tr\u1eafng<\/span><\/td>\n<\/tr>\n<tr style=\"height: 38px;\">\n<td style=\"width: 254.922px; text-align: center; height: 38px;\"><span style=\"font-size: 90%;\">pH (Dung d\u1ecbch 4%)<\/span><\/td>\n<td style=\"width: 256.078px; text-align: center; height: 38px;\"><span style=\"font-size: 90%;\">9.0- 11.0<\/span><\/td>\n<\/tr>\n<tr style=\"height: 38px;\">\n<td style=\"width: 254.922px; text-align: center; height: 38px;\"><span style=\"font-size: 90%;\">\u0110\u1ed9 h\u00f2a tan<\/span><\/td>\n<td style=\"width: 256.078px; text-align: center; height: 38px;\"><span style=\"font-size: 90%;\">Ho\u00e0n th\u00e0nh<\/span><\/td>\n<\/tr>\n<tr style=\"height: 146px;\">\n<td style=\"width: 254.922px; text-align: center; height: 146px;\"><span style=\"font-size: 90%;\">Th\u1ea1ch t\u00edn<\/span><\/p>\n<p><span style=\"font-size: 90%;\">Pb<\/span><\/td>\n<td style=\"width: 256.078px; text-align: center; height: 146px;\"><span style=\"font-size: 90%;\">T\u1ed1i \u0111a 2 trang\/ph\u00fat<\/span><\/p>\n<p><span style=\"font-size: 90%;\">T\u1ed1i \u0111a 2 trang\/ph\u00fat<\/span><\/td>\n<\/tr>\n<\/tbody>\n<\/table>\n\t\t<\/div>\n\t\t\t\t\t<\/div>\n\n\t\n\n\t<div id=\"col-1219031325\" class=\"col div-sp-phai medium-6 small-12 large-6\"  >\n\t\t\t\t<div class=\"col-inner\"  >\n\t\t\t\n\t\t\t\n\t<div class=\"img has-hover x md-x lg-x y md-y lg-y\" id=\"image_1421134583\">\n\t\t\t\t\t\t\t\t<div class=\"img-inner dark\" >\n\t\t\t<img loading=\"lazy\" decoding=\"async\" width=\"960\" height=\"1306\" src=\"https:\/\/toanhung.com\/wp-content\/uploads\/2021\/10\/chiano.png\" class=\"attachment-original size-original\" alt=\"\" srcset=\"https:\/\/toanhung.com\/wp-content\/uploads\/2021\/10\/chiano.png 960w, https:\/\/toanhung.com\/wp-content\/uploads\/2021\/10\/chiano-510x694.png 510w, https:\/\/toanhung.com\/wp-content\/uploads\/2021\/10\/chiano-294x400.png 294w, https:\/\/toanhung.com\/wp-content\/uploads\/2021\/10\/chiano-588x800.png 588w, https:\/\/toanhung.com\/wp-content\/uploads\/2021\/10\/chiano-768x1045.png 768w\" sizes=\"(max-width: 960px) 100vw, 960px\" \/>\t\t\t\t\t\t\n\t\t\t\t\t<\/div>\n\t\t\t\t\t\t\t\t\n<style>\n#image_1421134583 {\n  width: 100%;\n}\n<\/style>\n\t<\/div>\n\t\n<h2><strong><span style=\"color: #333399;\">CHIANO<\/span><\/strong><\/h2>\n<ul>\n<li><span style=\"font-size: 90%;\">H\u1ed7n h\u1ee3p kh\u00f4ng ph\u1ed1t ph\u00e1t, kh\u00f4ng E500 c\u00f3 kh\u1ea3 n\u0103ng gi\u1eef \u1ea9m t\u1ed1t v\u00e0 h\u01b0\u01a1ng v\u1ecb \u0111\u1eb7c bi\u1ec7t sau khi n\u1ea5u ch\u00edn<\/span><\/li>\n<li><span style=\"font-size: 90%;\">\u0110\u01b0\u1ee3c s\u1eed d\u1ee5ng r\u1ed9ng r\u00e3i cho th\u1ecb tr\u01b0\u1eddng Ch\u00e2u \u00c2u.<\/span><\/li>\n<li><span style=\"font-size: 90%;\">K\u00e9m h\u01a1n m\u1ed9t ch\u00fat v\u1ec1 s\u1ea3n l\u01b0\u1ee3ng, nh\u01b0ng gi\u1eef \u0111\u01b0\u1ee3c h\u01b0\u01a1ng v\u1ecb v\u00e0 k\u1ebft c\u1ea5u th\u1ef1c s\u1ef1 c\u1ee7a c\u00e1.<\/span><\/li>\n<li><span style=\"font-size: 90%;\">Nh\u00e0 s\u1ea3n xu\u1ea5t: Patchara Products (HACCP, cGMP, IS0 9001:2015, HALAL)<\/span><\/li>\n<\/ul>\n<div class=\"row row-small row-hinh\"  id=\"row-1763851282\">\n\n\t<div id=\"col-1078417228\" class=\"col medium-6 small-12 large-6\"  >\n\t\t\t\t<div class=\"col-inner\"  >\n\t\t\t\n\t\t\t\n\t<div class=\"img has-hover x md-x lg-x y md-y lg-y\" id=\"image_1392079195\">\n\t\t\t\t\t\t\t\t<div class=\"img-inner image-cover dark\" style=\"padding-top:75%;\">\n\t\t\t<img loading=\"lazy\" decoding=\"async\" width=\"533\" height=\"800\" src=\"https:\/\/toanhung.com\/wp-content\/uploads\/2023\/03\/panga-iqf-533x800.jpeg\" class=\"attachment-large size-large\" alt=\"Cryoprotectant for fish fillet\" srcset=\"https:\/\/toanhung.com\/wp-content\/uploads\/2023\/03\/panga-iqf-533x800.jpeg 533w, https:\/\/toanhung.com\/wp-content\/uploads\/2023\/03\/panga-iqf-267x400.jpeg 267w, https:\/\/toanhung.com\/wp-content\/uploads\/2023\/03\/panga-iqf-768x1152.jpeg 768w, https:\/\/toanhung.com\/wp-content\/uploads\/2023\/03\/panga-iqf-1024x1536.jpeg 1024w, https:\/\/toanhung.com\/wp-content\/uploads\/2023\/03\/panga-iqf-1365x2048.jpeg 1365w, https:\/\/toanhung.com\/wp-content\/uploads\/2023\/03\/panga-iqf-510x765.jpeg 510w, https:\/\/toanhung.com\/wp-content\/uploads\/2023\/03\/panga-iqf-scaled.jpeg 1706w\" sizes=\"(max-width: 533px) 100vw, 533px\" \/>\t\t\t\t\t\t\n\t\t\t\t\t<\/div>\n\t\t\t\t\t\t\t\t\n<style>\n#image_1392079195 {\n  width: 100%;\n}\n<\/style>\n\t<\/div>\n\t\n\t\t<\/div>\n\t\t\t\t\t<\/div>\n\n\t\n\n\t<div id=\"col-557968697\" class=\"col medium-6 small-12 large-6\"  >\n\t\t\t\t<div class=\"col-inner\"  >\n\t\t\t\n\t\t\t\n\t<div class=\"img has-hover x md-x lg-x y md-y lg-y\" id=\"image_1198484428\">\n\t\t\t\t\t\t\t\t<div class=\"img-inner image-cover dark\" style=\"padding-top:75%;\">\n\t\t\t<img loading=\"lazy\" decoding=\"async\" width=\"1020\" height=\"721\" src=\"https:\/\/toanhung.com\/wp-content\/uploads\/2023\/02\/panga--scaled-e1678847104184-1131x800.jpeg\" class=\"attachment-large size-large\" alt=\"Pangasius Fillet\" srcset=\"https:\/\/toanhung.com\/wp-content\/uploads\/2023\/02\/panga--scaled-e1678847104184-1131x800.jpeg 1131w, https:\/\/toanhung.com\/wp-content\/uploads\/2023\/02\/panga--scaled-e1678847104184-565x400.jpeg 565w, https:\/\/toanhung.com\/wp-content\/uploads\/2023\/02\/panga--scaled-e1678847104184-768x543.jpeg 768w, https:\/\/toanhung.com\/wp-content\/uploads\/2023\/02\/panga--scaled-e1678847104184-1536x1087.jpeg 1536w, https:\/\/toanhung.com\/wp-content\/uploads\/2023\/02\/panga--scaled-e1678847104184-2048x1449.jpeg 2048w, https:\/\/toanhung.com\/wp-content\/uploads\/2023\/02\/panga--scaled-e1678847104184-510x361.jpeg 510w\" sizes=\"(max-width: 1020px) 100vw, 1020px\" \/>\t\t\t\t\t\t\n\t\t\t\t\t<\/div>\n\t\t\t\t\t\t\t\t\n<style>\n#image_1198484428 {\n  width: 100%;\n}\n<\/style>\n\t<\/div>\n\t\n\t\t<\/div>\n\t\t\t\t\t<\/div>\n\n\t\n<\/div>\n\t\t<\/div>\n\t\t\t\t\t<\/div>\n\n\t\n<\/div>\n","protected":false},"excerpt":{"rendered":"<p>Ph\u1ee5 gia th\u1ef1c ph\u1ea9m kh\u00f4ng ph\u1ed1t ph\u00e1t, kh\u00f4ng E500 cho th\u1ecb tr\u01b0\u1eddng c\u00e1 tra\/c\u00e1 th\u1ecbt cao c\u1ea5p. CHIANO mang l\u1ea1i h\u01b0\u01a1ng v\u1ecb tuy\u1ec7t v\u1eddi trong khi thu \u0111\u01b0\u1ee3c s\u1ea3n l\u01b0\u1ee3ng c\u00e1 kh\u00e1. N\u00f3 duy tr\u00ec k\u1ebft c\u1ea5u c\u00e1 v\u00e0 th\u00edch h\u1ee3p cho c\u00e1c \u0111\u01a1n \u0111\u1eb7t h\u00e0ng ng\u00e2m h\u1ea1n ch\u1ebf.<\/p>\n","protected":false},"featured_media":398,"comment_status":"open","ping_status":"closed","template":"","meta":{"rank_math_lock_modified_date":false},"product_cat":[74,24],"product_tag":[],"class_list":{"0":"post-397","1":"product","2":"type-product","3":"status-publish","4":"has-post-thumbnail","6":"product_cat-non-e500-cho-ca","7":"product_cat-san-pham-cho-ca","9":"first","10":"instock","11":"shipping-taxable","12":"product-type-simple"},"_links":{"self":[{"href":"https:\/\/toanhung.com\/vi\/wp-json\/wp\/v2\/product\/397"}],"collection":[{"href":"https:\/\/toanhung.com\/vi\/wp-json\/wp\/v2\/product"}],"about":[{"href":"https:\/\/toanhung.com\/vi\/wp-json\/wp\/v2\/types\/product"}],"replies":[{"embeddable":true,"href":"https:\/\/toanhung.com\/vi\/wp-json\/wp\/v2\/comments?post=397"}],"wp:featuredmedia":[{"embeddable":true,"href":"https:\/\/toanhung.com\/vi\/wp-json\/wp\/v2\/media\/398"}],"wp:attachment":[{"href":"https:\/\/toanhung.com\/vi\/wp-json\/wp\/v2\/media?parent=397"}],"wp:term":[{"taxonomy":"product_cat","embeddable":true,"href":"https:\/\/toanhung.com\/vi\/wp-json\/wp\/v2\/product_cat?post=397"},{"taxonomy":"product_tag","embeddable":true,"href":"https:\/\/toanhung.com\/vi\/wp-json\/wp\/v2\/product_tag?post=397"}],"curies":[{"name":"wp","href":"https:\/\/api.w.org\/{rel}","templated":true}]}}