{"id":400,"date":"2021-10-27T20:01:06","date_gmt":"2021-10-27T13:01:06","guid":{"rendered":"http:\/\/toanhung.minhtammedia.vn\/?post_type=product&#038;p=400"},"modified":"2023-05-13T11:06:24","modified_gmt":"2023-05-13T04:06:24","slug":"n-fos","status":"publish","type":"product","link":"https:\/\/toanhung.com\/vi\/product\/n-fos\/","title":{"rendered":"N-Fos"},"content":{"rendered":"<div class=\"row\"  id=\"row-1496416798\">\n\n\t<div id=\"col-149215442\" class=\"col medium-6 small-12 large-6\"  >\n\t\t\t\t<div class=\"col-inner\"  >\n\t\t\t\n\t\t\t\n<div class=\"product-title-container\">\n<h2 class=\"product-title product_title entry-title\" style=\"text-align: left;\">N-Fos<\/h2>\n<\/div>\n<div class=\"woocommerce-tabs wc-tabs-wrapper container tabbed-content\">\n<div class=\"tab-panel\">\n<div id=\"tab-description\" class=\"woocommerce-Tabs-panel woocommerce-Tabs-panel--description panel entry-content active\" role=\"tabpanel\" aria-labelledby=\"tab-title-description\">\n<h3><span style=\"color: #3366ff; font-size: 90%;\">\u1ee8ng d\u1ee5ng v\u00e0 th\u1ecb tr\u01b0\u1eddng:<\/span><\/h3>\n<p><span style=\"font-size: 90%;\">S\u1eed d\u1ee5ng \u0111\u01b0\u1ee3c cho c\u00e1 tra, t\u00f4m v\u00e0 c\u00e1c lo\u1ea1i c\u00e1 th\u1ecbt tr\u1eafng kh\u00e1c. N\u0103ng su\u1ea5t cao v\u00e0 gi\u1eef \u0111\u01b0\u1ee3c m\u00e0u s\u1eafc t\u1ef1 nhi\u00ean. R\u1ea5t ph\u00f9 h\u1ee3p v\u1edbi nh\u1eefng th\u1ecb tr\u01b0\u1eddng cho ph\u00e9p s\u1eed d\u1ee5ng E500<\/span><\/p>\n<h3><span style=\"color: #3366ff; font-size: 90%;\">Thu\u1ed9c t\u00ednh:<\/span><\/h3>\n<p><span style=\"font-size: 90%;\">K\u00e9o d\u00e0i th\u1eddi h\u1ea1n s\u1eed d\u1ee5ng b\u1eb1ng c\u00e1ch t\u00e1i hydrat h\u00f3a s\u1ea3n ph\u1ea9m v\u00e0 b\u1ea3o v\u1ec7 b\u1ec1 m\u1eb7t. <\/span><\/p>\n<p><span style=\"font-size: 90%;\">Gi\u1ea3m t\u00ecnh tr\u1ea1ng \u0111\u00f3ng b\u0103ng v\u00e0 hao h\u1ee5t khi n\u1ea5u. C\u1ea3i thi\u1ec7n h\u01b0\u01a1ng v\u1ecb<\/span><\/p>\n<p><span style=\"font-size: 90%;\">Gi\u1eef nguy\u00ean h\u00ecnh th\u1ee9c, m\u00e0u s\u1eafc v\u00e0 k\u1ebft c\u1ea5u<\/span><\/p>\n<h3><span style=\"color: #3366ff; font-size: 90%;\">Th\u00e0nh ph\u1ea7n:<\/span><\/h3>\n<p><span style=\"font-size: 90%;\">Axit citric (CFR 184. l 033 v\u00e0 E 330)<\/span><\/p>\n<p><span style=\"font-size: 12.96px;\">Kali Citrate (E332ii)<\/span><\/p>\n<p><span style=\"font-size: 90%;\">Natri Clorua (CFR 182.l)<\/span><\/p>\n<h3><span style=\"font-size: 90%; color: #3366ff;\">Th\u00f4ng s\u1ed1 k\u1ef9 thu\u1eadt:<\/span><\/h3>\n<table style=\"border-collapse: crash; width: 56.4271%; height: 374px;\">\n<tbody>\n<tr style=\"height: 38px;\">\n<td style=\"width: 254.922px; text-align: center; height: 38px;\"><span style=\"font-size: 90%; color: #000000;\"><strong>\u00a0<\/strong><strong >M\u00f4 t\u1ea3<\/strong><\/span><\/td>\n<td style=\"width: 256.078px; text-align: center; height: 38px;\"><span style=\"font-size: 90%; color: #000000;\"><strong>\u00a0<\/strong><strong >Th\u00f4ng s\u1ed1<\/strong><\/span><\/td>\n<\/tr>\n<tr style=\"height: 38px;\">\n<td style=\"width: 254.922px; text-align: center; height: 38px;\"><span style=\"font-size: 90%;\">H\u00ecnh th\u1ee9c<\/span><\/td>\n<td style=\"width: 256.078px; text-align: center; height: 38px;\"><span style=\"font-size: 90%;\">B\u1ed9t tr\u1eafng<\/span><\/td>\n<\/tr>\n<tr style=\"height: 38px;\">\n<td style=\"width: 254.922px; text-align: center; height: 38px;\"><span style=\"font-size: 90%;\">pH (Dung d\u1ecbch 4%)<\/span><\/td>\n<td style=\"width: 256.078px; text-align: center; height: 38px;\"><span style=\"font-size: 90%;\">7.5- 9.0<\/span><\/td>\n<\/tr>\n<tr style=\"height: 38px;\">\n<td style=\"width: 254.922px; text-align: center; height: 38px;\"><span style=\"font-size: 90%;\">\u0110\u1ed9 h\u00f2a tan<\/span><\/td>\n<td style=\"width: 256.078px; text-align: center; height: 38px;\"><span style=\"font-size: 90%;\">Ho\u00e0n th\u00e0nh<\/span><\/td>\n<\/tr>\n<tr style=\"height: 38px;\">\n<td style=\"width: 254.922px; text-align: center; height: 38px;\"><span style=\"font-size: 90%;\">Kim lo\u1ea1i n\u1eb7ng, AS Pb<\/span><\/td>\n<td style=\"width: 256.078px; text-align: center; height: 38px;\"><span style=\"font-size: 90%;\">T\u1ed1i \u0111a 10 trang\/ph\u00fat<\/span><\/td>\n<\/tr>\n<tr style=\"height: 146px;\">\n<td style=\"width: 254.922px; text-align: center; height: 146px;\"><span style=\"font-size: 90%;\">Th\u1ea1ch t\u00edn<\/span><\/p>\n<p><span style=\"font-size: 90%;\">Pb<\/span><\/td>\n<td style=\"width: 256.078px; text-align: center; height: 146px;\"><span style=\"font-size: 90%;\">T\u1ed1i \u0111a 2 trang\/ph\u00fat<\/span><\/p>\n<p><span style=\"font-size: 90%;\">T\u1ed1i \u0111a 2 trang\/ph\u00fat<\/span><\/td>\n<\/tr>\n<tr style=\"height: 38px;\">\n<td style=\"width: 254.922px; text-align: center; height: 38px;\"><span style=\"font-size: 90%;\">Hg<\/span><\/td>\n<td style=\"width: 256.078px; text-align: center; height: 38px;\"><span style=\"font-size: 90%;\">T\u1ed1i \u0111a 0,05 trang\/ph\u00fat<\/span><\/td>\n<\/tr>\n<\/tbody>\n<\/table>\n<p>&nbsp;<\/p>\n<div class=\"is-divider divider clearfix\" style=\"max-width:100%;height:1px;background-color:rgba(0, 0, 0, 0.453);\"><\/div>\n<p>&nbsp;<\/p>\n<\/div>\n<\/div>\n<\/div>\n\t\t<\/div>\n\t\t\t\t\t<\/div>\n\n\t\n\n\t<div id=\"col-192539458\" class=\"col div-sp-phai medium-6 small-12 large-6\"  >\n\t\t\t\t<div class=\"col-inner\"  >\n\t\t\t\n\t\t\t\n\t<div class=\"img has-hover x md-x lg-x y md-y lg-y\" id=\"image_522960622\">\n\t\t\t\t\t\t\t\t<div class=\"img-inner dark\" >\n\t\t\t<img loading=\"lazy\" decoding=\"async\" width=\"960\" height=\"1268\" src=\"https:\/\/toanhung.com\/wp-content\/uploads\/2021\/10\/n-fos.png\" class=\"attachment-g\u1ed1c size-g\u1ed1c\" alt=\"\" srcset=\"https:\/\/toanhung.com\/wp-content\/uploads\/2021\/10\/n-fos.png 960w, https:\/\/toanhung.com\/wp-content\/uploads\/2021\/10\/n-fos-510x674.png 510w, https:\/\/toanhung.com\/wp-content\/uploads\/2021\/10\/n-fos-303x400.png 303w, https:\/\/toanhung.com\/wp-content\/uploads\/2021\/10\/n-fos-606x800.png 606w, https:\/\/toanhung.com\/wp-content\/uploads\/2021\/10\/n-fos-768x1014.png 768w\" sizes=\"(max-width: 960px) 100vw, 960px\" \/>\t\t\t\t\t\t\n\t\t\t\t\t<\/div>\n\t\t\t\t\t\t\t\t\n<style>\n#image_522960622 {\n  width: 100%;\n}\n<\/style>\n\t<\/div>\n\t\n<div class=\"product-title-container\">\n<h2 class=\"product-title product_title entry-title\" style=\"text-align: left;\">N-Fos<\/h2>\n<\/div>\n<div class=\"woocommerce-tabs wc-tabs-wrapper container tabbed-content\">\n<div class=\"tab-panel\">\n<div id=\"tab-description\" class=\"woocommerce-Tabs-panel woocommerce-Tabs-panel--description panel entry-content active\" role=\"tabpanel\" aria-labelledby=\"tab-title-description\">\n<ul>\n<li><span style=\"font-size: 90%;\">H\u1ed7n h\u1ee3p kh\u00f4ng ph\u1ed1t ph\u00e1t c\u00f3 kh\u1ea3 n\u0103ng gi\u1eef \u1ea9m t\u1ed1t v\u00e0 h\u01b0\u01a1ng v\u1ecb \u0111\u1eb7c bi\u1ec7t sau khi n\u1ea5u ch\u00edn<\/span><\/li>\n<li><span style=\"font-size: 90%;\">S\u1ef1 pha tr\u1ed9n tuy\u1ec7t v\u1eddi \u0111\u1ec3 b\u1ea3o v\u1ec7 k\u1ebft c\u1ea5u khi \u0111\u00f4ng l\u1ea1nh, \u0111\u1eb7c bi\u1ec7t l\u00e0 c\u00e1 tra.<\/span><\/li>\n<li><span style=\"font-size: 90%;\">Nh\u00e0 s\u1ea3n xu\u1ea5t: Patchara Products (HACCP, cGMP, IS0 9001:2015, HALAL)<\/span><\/li>\n<\/ul>\n<\/div>\n<\/div>\n<\/div>\n<div class=\"row row-small row-hinh\"  id=\"row-874212666\">\n\n\t<div id=\"col-737489536\" class=\"col medium-6 small-12 large-6\"  >\n\t\t\t\t<div class=\"col-inner\"  >\n\t\t\t\n\t\t\t\n\t<div class=\"img has-hover x md-x lg-x y md-y lg-y\" id=\"image_190449196\">\n\t\t\t\t\t\t\t\t<div class=\"img-inner image-cover dark\" style=\"padding-top:75%;\">\n\t\t\t<img loading=\"lazy\" decoding=\"async\" width=\"1020\" height=\"721\" src=\"https:\/\/toanhung.com\/wp-content\/uploads\/2023\/02\/panga--scaled-e1678847104184-1131x800.jpeg\" class=\"attachment-large size-large\" alt=\"Pangasius Fillet\" srcset=\"https:\/\/toanhung.com\/wp-content\/uploads\/2023\/02\/panga--scaled-e1678847104184-1131x800.jpeg 1131w, https:\/\/toanhung.com\/wp-content\/uploads\/2023\/02\/panga--scaled-e1678847104184-565x400.jpeg 565w, https:\/\/toanhung.com\/wp-content\/uploads\/2023\/02\/panga--scaled-e1678847104184-768x543.jpeg 768w, https:\/\/toanhung.com\/wp-content\/uploads\/2023\/02\/panga--scaled-e1678847104184-1536x1087.jpeg 1536w, https:\/\/toanhung.com\/wp-content\/uploads\/2023\/02\/panga--scaled-e1678847104184-2048x1449.jpeg 2048w, https:\/\/toanhung.com\/wp-content\/uploads\/2023\/02\/panga--scaled-e1678847104184-510x361.jpeg 510w\" sizes=\"(max-width: 1020px) 100vw, 1020px\" \/>\t\t\t\t\t\t\n\t\t\t\t\t<\/div>\n\t\t\t\t\t\t\t\t\n<style>\n#image_190449196 {\n  width: 100%;\n}\n<\/style>\n\t<\/div>\n\t\n\t\t<\/div>\n\t\t\t\t\t<\/div>\n\n\t\n\n\t<div id=\"col-82243988\" class=\"col medium-6 small-12 large-6\"  >\n\t\t\t\t<div class=\"col-inner\"  >\n\t\t\t\n\t\t\t\n\t<div class=\"img has-hover x md-x lg-x y md-y lg-y\" id=\"image_1321667551\">\n\t\t\t\t\t\t\t\t<div class=\"img-inner image-cover dark\" style=\"padding-top:75%;\">\n\t\t\t<img loading=\"lazy\" decoding=\"async\" width=\"800\" height=\"800\" src=\"https:\/\/toanhung.com\/wp-content\/uploads\/2021\/10\/sanphamchoca-800x800.jpg\" class=\"attachment-large size-large\" alt=\"Food additives for white fish\" srcset=\"https:\/\/toanhung.com\/wp-content\/uploads\/2021\/10\/sanphamchoca-800x800.jpg 800w, https:\/\/toanhung.com\/wp-content\/uploads\/2021\/10\/sanphamchoca-100x100.jpg 100w, https:\/\/toanhung.com\/wp-content\/uploads\/2021\/10\/sanphamchoca-510x510.jpg 510w, https:\/\/toanhung.com\/wp-content\/uploads\/2021\/10\/sanphamchoca-400x400.jpg 400w, https:\/\/toanhung.com\/wp-content\/uploads\/2021\/10\/sanphamchoca-280x280.jpg 280w, https:\/\/toanhung.com\/wp-content\/uploads\/2021\/10\/sanphamchoca-768x768.jpg 768w, https:\/\/toanhung.com\/wp-content\/uploads\/2021\/10\/sanphamchoca.jpg 1000w\" sizes=\"(max-width: 800px) 100vw, 800px\" \/>\t\t\t\t\t\t\n\t\t\t\t\t<\/div>\n\t\t\t\t\t\t\t\t\n<style>\n#image_1321667551 {\n  width: 100%;\n}\n<\/style>\n\t<\/div>\n\t\n\t\t<\/div>\n\t\t\t\t\t<\/div>\n\n\t\n<\/div>\n\t\t<\/div>\n\t\t\t\t\t<\/div>\n\n\t\n<\/div>\n","protected":false},"excerpt":{"rendered":"<p>Ph\u1ee5 gia th\u1ee9c \u0103n kh\u00f4ng ch\u1ee9a photphat d\u00f9ng cho c\u00e1 c\u00f3 kh\u1ea3 n\u0103ng gi\u1eef \u1ea9m cao.<\/p>\n","protected":false},"featured_media":490,"comment_status":"open","ping_status":"closed","template":"","meta":{"rank_math_lock_modified_date":false},"product_cat":[72,24],"product_tag":[],"class_list":{"0":"post-400","1":"product","2":"type-product","3":"status-publish","4":"has-post-thumbnail","6":"product_cat-non-phosphate-cho-ca","7":"product_cat-san-pham-cho-ca","9":"first","10":"instock","11":"shipping-taxable","12":"product-type-simple"},"_links":{"self":[{"href":"https:\/\/toanhung.com\/vi\/wp-json\/wp\/v2\/product\/400"}],"collection":[{"href":"https:\/\/toanhung.com\/vi\/wp-json\/wp\/v2\/product"}],"about":[{"href":"https:\/\/toanhung.com\/vi\/wp-json\/wp\/v2\/types\/product"}],"replies":[{"embeddable":true,"href":"https:\/\/toanhung.com\/vi\/wp-json\/wp\/v2\/comments?post=400"}],"wp:featuredmedia":[{"embeddable":true,"href":"https:\/\/toanhung.com\/vi\/wp-json\/wp\/v2\/media\/490"}],"wp:attachment":[{"href":"https:\/\/toanhung.com\/vi\/wp-json\/wp\/v2\/media?parent=400"}],"wp:term":[{"taxonomy":"product_cat","embeddable":true,"href":"https:\/\/toanhung.com\/vi\/wp-json\/wp\/v2\/product_cat?post=400"},{"taxonomy":"product_tag","embeddable":true,"href":"https:\/\/toanhung.com\/vi\/wp-json\/wp\/v2\/product_tag?post=400"}],"curies":[{"name":"wp","href":"https:\/\/api.w.org\/{rel}","templated":true}]}}