{"id":407,"date":"2021-10-27T20:03:39","date_gmt":"2021-10-27T13:03:39","guid":{"rendered":"http:\/\/toanhung.minhtammedia.vn\/?post_type=product&#038;p=407"},"modified":"2023-05-13T10:49:54","modified_gmt":"2023-05-13T03:49:54","slug":"mtr-79n","status":"publish","type":"product","link":"https:\/\/toanhung.com\/vi\/product\/mtr-79n\/","title":{"rendered":"MTR &#8211; 79N"},"content":{"rendered":"<div class=\"row\"  id=\"row-150358972\">\n\n\t<div id=\"col-1935578872\" class=\"col medium-6 small-12 large-6\"  >\n\t\t\t\t<div class=\"col-inner\"  >\n\t\t\t\n\t\t\t\n<div class=\"is-divider divider clearfix\" style=\"max-width:100%;height:1px;background-color:rgba(0, 0, 0, 0.453);\"><\/div>\n<h1><div class=\"font_charm\"><span style=\"color: #005900;\">MTR &#8211; 79<\/span><span style=\"color: #f00a84;\">N<\/span><\/div><\/h1>\n<h3><span style=\"color: #3366ff; font-size: 90%;\">\u1ee8ng d\u1ee5ng v\u00e0 th\u1ecb tr\u01b0\u1eddng:<\/span><\/h3>\n<p><span style=\"font-size: 90%;\">Ch\u1ee7 y\u1ebfu l\u00e0 t\u00f4m, \u0111\u1eb7c bi\u1ec7t l\u00e0 th\u1ecb tr\u01b0\u1eddng Nh\u1eadt B\u1ea3n. \u0110\u01b0\u1ee3c thi\u1ebft k\u1ebf cho ch\u1ea5t l\u01b0\u1ee3ng v\u01b0\u1ee3t tr\u1ed9i, s\u1ea3n ph\u1ea9m gi\u00e1 tr\u1ecb gia t\u0103ng. Gi\u00fap t\u00f4m c\u00f3 m\u00e0u xanh h\u01a1n v\u00e0 gi\u1eef m\u00e0u t\u1ed1t ngay c\u1ea3 khi ng\u00e2m l\u00e2u.<\/span><\/p>\n<h3><span style=\"color: #3366ff; font-size: 90%;\">Thu\u1ed9c t\u00ednh:<\/span><\/h3>\n<p><span style=\"font-size: 90%;\">K\u00e9o d\u00e0i th\u1eddi h\u1ea1n s\u1eed d\u1ee5ng b\u1eb1ng c\u00e1ch t\u00e1i hydrat h\u00f3a s\u1ea3n ph\u1ea9m v\u00e0 b\u1ea3o v\u1ec7 b\u1ec1 m\u1eb7t T\u0103ng tr\u1ecdng l\u01b0\u1ee3ng<\/span><\/p>\n<p><span style=\"font-size: 90%;\">Gi\u1ea3m t\u00ecnh tr\u1ea1ng \u0111\u00f3ng b\u0103ng v\u00e0 th\u1ea5t tho\u00e1t khi n\u1ea5u. C\u1ea3i thi\u1ec7n h\u01b0\u01a1ng v\u1ecb<\/span><\/p>\n<p><span style=\"font-size: 90%;\">Gi\u1eef nguy\u00ean h\u00ecnh th\u1ee9c, m\u00e0u s\u1eafc v\u00e0 k\u1ebft c\u1ea5u<\/span><\/p>\n<h3><span style=\"color: #3366ff; font-size: 90%;\">Th\u00e0nh ph\u1ea7n:<\/span><\/h3>\n<p><span style=\"font-size: 90%;\">Natri bicacbonat (CFR 184.1736 v\u00e0 E 500 (II))<\/span><\/p>\n<p><span style=\"font-size: 90%;\">Natri Clorua (CFR 182.l)<\/span><\/p>\n<p><span style=\"font-size: 90%;\">Axit citric (CFR 184. l 033 v\u00e0 E 330)<br \/>\n<\/span><\/p>\n<p><span style=\"font-size: 90%;\">Natri Citrate (E331iii)<\/span><\/p>\n<p><span style=\"font-size: 90%;\">Kali Citrate (E332ii)<\/span><\/p>\n<h3><span style=\"font-size: 90%; color: #3366ff;\">Th\u00f4ng s\u1ed1 k\u1ef9 thu\u1eadt:<\/span><\/h3>\n<table style=\"border-collapse: crash; width: 56.4271%; height: 398px;\">\n<tbody>\n<tr>\n<td style=\"width: 254.922px; text-align: center;\"><span style=\"font-size: 90%; color: #000000;\"><strong>\u00a0<\/strong><strong>M\u00f4 t\u1ea3<\/ m\u1ea1nh m\u1ebd><\/span><\/td>\n<td style=\"width: 256.078px; text-align: center;\"><span style=\"font-size: 90%; color: #000000;\"><strong>Th\u00f4ng s\u1ed1<\/strong> <\/span><\/td>\n<\/tr>\n<tr>\n<td style=\"width: 254.922px; text-align: center;\"><span style=\"font-size: 90%;\">Giao di\u1ec7n<\/span><\/td>\n<td style=\"width: 256.078px; text-align: center;\"><span style=\"font-size: 90%;\">B\u1ed9t tr\u1eafng<\/span><\/td>\n<\/tr>\n<tr>\n<td style=\"width: 254.922px; text-align: center;\"><span style=\"font-size: 90%;\">pH (Dung d\u1ecbch 4%)<\/span><\/td>\n<td style=\"width: 256.078px; text-align: center;\"><span style=\"font-size: 90%;\">7.5- 9.0<\/span><\/td>\n<\/tr>\n<tr>\n<td style=\"width: 254.922px; text-align: center;\"><span style=\"font-size: 90%;\">\u0110\u1ed9 h\u00f2a tan<\/span><\/td>\n<td style=\"width: 256.078px; text-align: center;\"><span style=\"font-size: 90%;\">Ho\u00e0n th\u00e0nh<\/span><\/td>\n<\/tr>\n<tr>\n<td style=\"width: 254.922px; text-align: center;\"><span style=\"font-size: 90%;\">Kim lo\u1ea1i n\u1eb7ng, AS Pb<\/span><\/td>\n<td style=\"width: 256.078px; text-align: center;\"><span style=\"font-size: 90%;\">T\u1ed1i \u0111a 10 trang\/ph\u00fat<\/span><\/td>\n<\/tr>\n<tr>\n<td style=\"width: 254.922px; text-align: center;\"><span style=\"font-size: 90%;\">Th\u1ea1ch t\u00edn<\/span><\/p>\n<p><span style=\"font-size: 90%;\">Pb<\/span><\/td>\n<td style=\"width: 256.078px; text-align: center;\"><span style=\"font-size: 90%;\">T\u1ed1i \u0111a 2 trang\/ph\u00fat<\/span><\/p>\n<p><span style=\"font-size: 90%;\">T\u1ed1i \u0111a 2 trang\/ph\u00fat<\/span><\/td>\n<\/tr>\n<tr>\n<td style=\"width: 254.922px; text-align: center;\"><span style=\"font-size: 90%;\">Hg<\/span><\/td>\n<td style=\"width: 256.078px; text-align: center;\"><span style=\"font-size: 90%;\">T\u1ed1i \u0111a 0,05 trang\/ph\u00fat<\/span><\/td>\n<\/tr>\n<\/tbody>\n<\/table>\n\t\t<\/div>\n\t\t\t\t\t<\/div>\n\n\t\n\n\t<div id=\"col-1369421076\" class=\"col div-sp-phai medium-6 small-12 large-6\"  >\n\t\t\t\t<div class=\"col-inner\"  >\n\t\t\t\n\t\t\t\n\t<div class=\"img has-hover x md-x lg-x y md-y lg-y\" id=\"image_514570817\">\n\t\t\t\t\t\t\t\t<div class=\"img-inner dark\" >\n\t\t\t<img loading=\"lazy\" decoding=\"async\" width=\"960\" height=\"1324\" src=\"https:\/\/toanhung.com\/wp-content\/uploads\/2021\/10\/mtr-79n.png\" class=\"attachment-original size-original\" alt=\"\" srcset=\"https:\/\/toanhung.com\/wp-content\/uploads\/2021\/10\/mtr-79n.png 960w, https:\/\/toanhung.com\/wp-content\/uploads\/2021\/10\/mtr-79n-510x703.png 510w, https:\/\/toanhung.com\/wp-content\/uploads\/2021\/10\/mtr-79n-290x400.png 290w, https:\/\/toanhung.com\/wp-content\/uploads\/2021\/10\/mtr-79n-580x800.png 580w, https:\/\/toanhung.com\/wp-content\/uploads\/2021\/10\/mtr-79n-768x1059.png 768w\" sizes=\"(max-width: 960px) 100vw, 960px\" \/>\t\t\t\t\t\t\n\t\t\t\t\t<\/div>\n\t\t\t\t\t\t\t\t\n<style>\n#image_514570817 {\n  width: 100%;\n}\n<\/style>\n\t<\/div>\n\t\n<h2><div class=\"font_charm\"><span style=\"color: #005900;\">MTR &#8211; 79<\/span><span style=\"color: #f00a84;\">N<\/span><\/div><\/h2>\n<ul>\n<li><span style=\"font-size: 90%;\">H\u1ed7n h\u1ee3p kh\u00f4ng ph\u1ed1t ph\u00e1t c\u00f3 kh\u1ea3 n\u0103ng gi\u1eef \u1ea9m t\u1ed1t v\u00e0 h\u01b0\u01a1ng v\u1ecb \u0111\u1eb7c bi\u1ec7t sau khi n\u1ea5u ch\u00edn<\/span><\/li>\n<li><span style=\"font-size: 90%;\">\u0110\u01b0\u1ee3c s\u1eed d\u1ee5ng r\u1ed9ng r\u00e3i cho c\u00e1c s\u1ea3n ph\u1ea9m t\u00f4m c\u00f3 ch\u1ea5t l\u01b0\u1ee3ng v\u01b0\u1ee3t tr\u1ed9i, gi\u00e1 tr\u1ecb gia t\u0103ng cao<\/span><\/li>\n<li><span style=\"font-size: 90%;\">Gi\u1ea3i ph\u00e1p t\u1ed1t nh\u1ea5t cho c\u00e1c nh\u00e0 xu\u1ea5t kh\u1ea9u quan t\u00e2m \u0111\u1ebfn d\u01b0 l\u01b0\u1ee3ng ph\u1ed1t ph\u00e1t v\u00e0 th\u1ecb tr\u01b0\u1eddng cao c\u1ea5p<\/span><\/li>\n<li><span style=\"font-size: 90%;\">Nh\u00e0 s\u1ea3n xu\u1ea5t: Patchara Products (HACCP, cGMP, IS0 9001:2015, HALAL)<\/span><\/li>\n<\/ul>\n<div class=\"row row-small row-hinh\"  id=\"row-1209458434\">\n\n\t<div id=\"col-448243079\" class=\"col medium-6 small-12 large-6\"  >\n\t\t\t\t<div class=\"col-inner\"  >\n\t\t\t\n\t\t\t\n\t<div class=\"img has-hover x md-x lg-x y md-y lg-y\" id=\"image_310509906\">\n\t\t\t\t\t\t\t\t<div class=\"img-inner image-cover dark\" style=\"padding-top:75%;\">\n\t\t\t<img loading=\"lazy\" decoding=\"async\" width=\"1020\" height=\"680\" src=\"https:\/\/toanhung.com\/wp-content\/uploads\/2023\/02\/shrimp-iqf-1200x800.jpeg\" class=\"attachment-large size-large\" alt=\"IQF shrimp\" srcset=\"https:\/\/toanhung.com\/wp-content\/uploads\/2023\/02\/shrimp-iqf-1200x800.jpeg 1200w, https:\/\/toanhung.com\/wp-content\/uploads\/2023\/02\/shrimp-iqf-600x400.jpeg 600w, https:\/\/toanhung.com\/wp-content\/uploads\/2023\/02\/shrimp-iqf-768x512.jpeg 768w, https:\/\/toanhung.com\/wp-content\/uploads\/2023\/02\/shrimp-iqf-1536x1024.jpeg 1536w, https:\/\/toanhung.com\/wp-content\/uploads\/2023\/02\/shrimp-iqf-2048x1365.jpeg 2048w, https:\/\/toanhung.com\/wp-content\/uploads\/2023\/02\/shrimp-iqf-510x340.jpeg 510w\" sizes=\"(max-width: 1020px) 100vw, 1020px\" \/>\t\t\t\t\t\t\n\t\t\t\t\t<\/div>\n\t\t\t\t\t\t\t\t\n<style>\n#image_310509906 {\n  width: 100%;\n}\n<\/style>\n\t<\/div>\n\t\n\t\t<\/div>\n\t\t\t\t\t<\/div>\n\n\t\n\n\t<div id=\"col-2031658258\" class=\"col medium-6 small-12 large-6\"  >\n\t\t\t\t<div class=\"col-inner\"  >\n\t\t\t\n\t\t\t\n\t<div class=\"img has-hover x md-x lg-x y md-y lg-y\" id=\"image_1357961245\">\n\t\t\t\t\t\t\t\t<div class=\"img-inner image-cover dark\" style=\"padding-top:75%;\">\n\t\t\t<img loading=\"lazy\" decoding=\"async\" width=\"240\" height=\"400\" src=\"https:\/\/toanhung.com\/wp-content\/uploads\/2021\/10\/sanphamchotom.jpg\" class=\"attachment-large size-large\" alt=\"\" \/>\t\t\t\t\t\t\n\t\t\t\t\t<\/div>\n\t\t\t\t\t\t\t\t\n<style>\n#image_1357961245 {\n  width: 100%;\n}\n<\/style>\n\t<\/div>\n\t\n\t\t<\/div>\n\t\t\t\t\t<\/div>\n\n\t\n<\/div>\n\t\t<\/div>\n\t\t\t\t\t<\/div>\n\n\t\n<\/div>\n","protected":false},"excerpt":{"rendered":"<p>Ph\u1ee5 gia th\u1ef1c ph\u1ea9m kh\u00f4ng ph\u1ed1t ph\u00e1t cho th\u1ecb tr\u01b0\u1eddng cao c\u1ea5p v\u1edbi h\u01b0\u01a1ng v\u1ecb v\u00e0 m\u00e0u s\u1eafc tuy\u1ec7t v\u1eddi. MTR-79N l\u00e0 phi\u00ean b\u1ea3n n\u00e2ng c\u1ea5p c\u1ee7a MTR-79 danh ti\u1ebfng v\u1edbi th\u1eddi gian ng\u00e2m l\u00e2u h\u01a1n v\u00e0 h\u01b0\u01a1ng v\u1ecb th\u01a1m ngon h\u01a1n.<\/p>\n","protected":false},"featured_media":488,"comment_status":"open","ping_status":"closed","template":"","meta":{"rank_math_lock_modified_date":false},"product_cat":[69,30],"product_tag":[],"class_list":{"0":"post-407","1":"product","2":"type-product","3":"status-publish","4":"has-post-thumbnail","6":"product_cat-non-phosphate-cho-tom","7":"product_cat-san-pham-cho-tom","9":"first","10":"instock","11":"shipping-taxable","12":"product-type-simple"},"_links":{"self":[{"href":"https:\/\/toanhung.com\/vi\/wp-json\/wp\/v2\/product\/407"}],"collection":[{"href":"https:\/\/toanhung.com\/vi\/wp-json\/wp\/v2\/product"}],"about":[{"href":"https:\/\/toanhung.com\/vi\/wp-json\/wp\/v2\/types\/product"}],"replies":[{"embeddable":true,"href":"https:\/\/toanhung.com\/vi\/wp-json\/wp\/v2\/comments?post=407"}],"wp:featuredmedia":[{"embeddable":true,"href":"https:\/\/toanhung.com\/vi\/wp-json\/wp\/v2\/media\/488"}],"wp:attachment":[{"href":"https:\/\/toanhung.com\/vi\/wp-json\/wp\/v2\/media?parent=407"}],"wp:term":[{"taxonomy":"product_cat","embeddable":true,"href":"https:\/\/toanhung.com\/vi\/wp-json\/wp\/v2\/product_cat?post=407"},{"taxonomy":"product_tag","embeddable":true,"href":"https:\/\/toanhung.com\/vi\/wp-json\/wp\/v2\/product_tag?post=407"}],"curies":[{"name":"wp","href":"https:\/\/api.w.org\/{rel}","templated":true}]}}