{"id":423,"date":"2021-10-27T20:07:59","date_gmt":"2021-10-27T13:07:59","guid":{"rendered":"http:\/\/toanhung.minhtammedia.vn\/?post_type=product&#038;p=423"},"modified":"2023-05-13T11:00:55","modified_gmt":"2023-05-13T04:00:55","slug":"nova-s-whitening","status":"publish","type":"product","link":"https:\/\/toanhung.com\/vi\/product\/nova-s-whitening\/","title":{"rendered":"Nova S &#8211; Whitening"},"content":{"rendered":"<div class=\"row\"  id=\"row-634341991\">\n\n\t<div id=\"col-1863078297\" class=\"col medium-6 small-12 large-6\"  >\n\t\t\t\t<div class=\"col-inner\"  >\n\t\t\t\n\t\t\t\n<div class=\"is-divider divider clearfix\" style=\"max-width:100%;height:1px;background-color:rgba(0, 0, 0, 0.453);\"><\/div>\n<h2><span style=\"color: #33cccc;\"><strong><span style=\"color: #5bd49d;\">NOVA-S\u00a0<\/span><\/strong><\/span><\/h2>\n<h3><span style=\"color: #3366ff; font-size: 90%;\">\u1ee8ng d\u1ee5ng v\u00e0 th\u1ecb tr\u01b0\u1eddng:<\/span><\/h3>\n<p><span style=\"font-size: 90%;\">Ch\u1ea5t l\u00e0m tr\u1eafng d\u00f9ng trong c\u00e1 v\u00e0 <span tabindex=\"0\" role=\"tooltip\"><span class=\"povykd\" tabindex=\"0\" role= \"n\u00fat\" data-enable-toggle-animation=\"true\" data-extra-container-classes=\"ZLo7Eb\" data-hover-hide-delay=\"1000\" data-hover-open-delay=\"500\" g\u1eedi d\u1eef li\u1ec7u -open-event=\"true\" data-theme=\"0\" data-width=\"250\" data-ved=\"2ahUKEwjN0t2znJn9AhXFR2wGHUIbBpQQmpgGegQIEBAD\"><span class=\"JPfdse\" data-bubble-link=\"\" data-segment-text =\"cephalopoda\">cephalopoda. C\u00f3 th\u1ec3 lo\u1ea1i b\u1ecf m\u1ee1 v\u00e0 m\u00e1u \u0111\u1ec3 c\u00f3 n\u0103ng su\u1ea5t ng\u00e2m t\u1ed1t h\u01a1n.<\/span><\/span><\/span><\/span><\/p>\n<h3><span style=\"color: #3366ff; font-size: 90%;\">Thu\u1ed9c t\u00ednh:<\/span><\/h3>\n<p><span style=\"font-size: 12.96px;\">L\u00e0m tr\u1eafng nh\u1edd qu\u00e1 tr\u00ecnh oxy h\u00f3a m\u1ea1nh.<\/span><\/p>\n<p><span style=\"font-size: 90%;\">Gi\u1eef nguy\u00ean k\u1ebft c\u1ea5u v\u00e0 h\u01b0\u01a1ng v\u1ecb c\u1ee7a c\u00e1.<\/span><\/p>\n<h3><span style=\"color: #3366ff; font-size: 90%;\">Th\u00e0nh ph\u1ea7n:<\/span><\/h3>\n<p><span style=\"font-size: 90%;\">Axit citric (CFR 184. l 033 v\u00e0 E 330)<\/span><\/p>\n<p><span style=\"font-size: 90%;\">Trisodium Citrate (E331iii)<\/span><\/p>\n<p><span style=\"font-size: 90%;\">Kali Citrate (E332ii)<\/span><\/p>\n<p><span style=\"font-size: 90%;\">Natri Clorua (CFR 182.l)<\/span><\/p>\n<h3><span style=\"font-size: 90%; color: #3366ff;\">Th\u00f4ng s\u1ed1 k\u1ef9 thu\u1eadt:<\/span><\/h3>\n<table style=\"border-collapse: crash; width: 56.4271%; height: 398px;\">\n<tbody>\n<tr>\n<td style=\"width: 254.922px; text-align: center;\"><span style=\"font-size: 90%; color: #000000;\"><strong>\u00a0<\/strong><strong>M\u00f4 t\u1ea3<\/strong><\/span><\/td>\n<td style=\"width: 256.078px; text-align: center;\"><span style=\"font-size: 90%; color: #000000;\"><strong>\u00a0<\/strong><strong>Th\u00f4ng s\u1ed1<\/strong><\/span><\/td>\n<\/tr>\n<tr>\n<td style=\"width: 254.922px; text-align: center;\"><span style=\"font-size: 90%;\">Giao di\u1ec7n<\/span><\/td>\n<td style=\"width: 256.078px; text-align: center;\"><span style=\"font-size: 90%;\">B\u1ed9t tr\u1eafng<\/span><\/td>\n<\/tr>\n<tr>\n<td style=\"width: 254.922px; text-align: center;\"><span style=\"font-size: 90%;\">pH (Dung d\u1ecbch 4%)<\/span><\/td>\n<td style=\"width: 256.078px; text-align: center;\"><span style=\"font-size: 90%;\">10.0- 11.0<\/span><\/td>\n<\/tr>\n<tr>\n<td style=\"width: 254.922px; text-align: center;\"><span style=\"font-size: 90%;\">\u0110\u1ed9 h\u00f2a tan<\/span><\/td>\n<td style=\"width: 256.078px; text-align: center;\"><span style=\"font-size: 90%;\">Ho\u00e0n th\u00e0nh<\/span><\/td>\n<\/tr>\n<tr>\n<td style=\"width: 254.922px; text-align: center;\"><span style=\"font-size: 90%;\">Kim lo\u1ea1i n\u1eb7ng, AS Pb<\/span><\/td>\n<td style=\"width: 256.078px; text-align: center;\"><span style=\"font-size: 90%;\">T\u1ed1i \u0111a 10 trang\/ph\u00fat<\/span><\/td>\n<\/tr>\n<tr>\n<td style=\"width: 254.922px; text-align: center;\"><span style=\"font-size: 90%;\">Th\u1ea1ch t\u00edn<\/span><\/p>\n<p><span style=\"font-size: 90%;\">Pb<\/span><\/td>\n<td style=\"width: 256.078px; text-align: center;\"><span style=\"font-size: 90%;\">T\u1ed1i \u0111a 2 trang\/ph\u00fat<\/span><\/p>\n<p><span style=\"font-size: 90%;\">T\u1ed1i \u0111a 2 trang\/ph\u00fat<\/span><\/td>\n<\/tr>\n<tr>\n<td style=\"width: 254.922px; text-align: center;\"><span style=\"font-size: 90%;\">Hg<\/span><\/td>\n<td style=\"width: 256.078px; text-align: center;\"><span style=\"font-size: 90%;\">T\u1ed1i \u0111a 0,05 trang\/ph\u00fat<\/span><\/td>\n<\/tr>\n<\/tbody>\n<\/table>\n<p>&nbsp;<\/p>\n\t\t<\/div>\n\t\t\t\t\t<\/div>\n\n\t\n\n\t<div id=\"col-337573006\" class=\"col div-sp-phai medium-6 small-12 large-6\"  >\n\t\t\t\t<div class=\"col-inner\"  >\n\t\t\t\n\t\t\t\n\t<div class=\"img has-hover x md-x lg-x y md-y lg-y\" id=\"image_2086433820\">\n\t\t\t\t\t\t\t\t<div class=\"img-inner dark\" >\n\t\t\t<img loading=\"lazy\" decoding=\"async\" width=\"960\" height=\"1306\" src=\"https:\/\/toanhung.com\/wp-content\/uploads\/2021\/10\/nova-s.png\" class=\"attachment-original size-original\" alt=\"\" srcset=\"https:\/\/toanhung.com\/wp-content\/uploads\/2021\/10\/nova-s.png 960w, https:\/\/toanhung.com\/wp-content\/uploads\/2021\/10\/nova-s-510x694.png 510w, https:\/\/toanhung.com\/wp-content\/uploads\/2021\/10\/nova-s-294x400.png 294w, https:\/\/toanhung.com\/wp-content\/uploads\/2021\/10\/nova-s-588x800.png 588w, https:\/\/toanhung.com\/wp-content\/uploads\/2021\/10\/nova-s-768x1045.png 768w\" sizes=\"(max-width: 960px) 100vw, 960px\" \/>\t\t\t\t\t\t\n\t\t\t\t\t<\/div>\n\t\t\t\t\t\t\t\t\n<style>\n#image_2086433820 {\n  width: 100%;\n}\n<\/style>\n\t<\/div>\n\t\n<h2><span style=\"color: #33cccc;\"><strong><span style=\"color: #5bd49d;\">NOVA-S<\/span><\/strong><\/span> &#8211; l\u00e0m tr\u1eafng\u200b<\/h2>\n<ul>\n<li><span style=\"font-size: 90%;\">H\u1ed7n h\u1ee3p kh\u00f4ng ph\u1ed1t ph\u00e1t v\u1edbi ch\u1ea5t l\u00e0m tr\u1eafng<\/span><\/li>\n<li><span style=\"font-size: 90%;\">Ch\u1ee7 y\u1ebfu d\u00f9ng cho c\u00e1 v\u00e0 m\u1ef1c, b\u1ea1ch tu\u1ed9c<\/span><\/li>\n<li><span style=\"font-size: 90%;\">Nh\u00e0 s\u1ea3n xu\u1ea5t: Patchara Products (HACCP, cGMP, IS0 9001:2015, HALAL)<\/span><\/li>\n<\/ul>\n<div class=\"row row-small row-hinh\"  id=\"row-1067205753\">\n\n\t<div id=\"col-990562383\" class=\"col medium-6 small-12 large-6\"  >\n\t\t\t\t<div class=\"col-inner\"  >\n\t\t\t\n\t\t\t\n\t<div class=\"img has-hover x md-x lg-x y md-y lg-y\" id=\"image_1731731839\">\n\t\t\t\t\t\t\t\t<div class=\"img-inner image-cover dark\" style=\"padding-top:75%;\">\n\t\t\t<img loading=\"lazy\" decoding=\"async\" width=\"1020\" height=\"574\" src=\"https:\/\/toanhung.com\/wp-content\/uploads\/2023\/02\/octopus-1400x788.jpeg\" class=\"attachment-large size-large\" alt=\"Fresh octopus\" srcset=\"https:\/\/toanhung.com\/wp-content\/uploads\/2023\/02\/octopus-1400x788.jpeg 1400w, https:\/\/toanhung.com\/wp-content\/uploads\/2023\/02\/octopus-711x400.jpeg 711w, https:\/\/toanhung.com\/wp-content\/uploads\/2023\/02\/octopus-768x432.jpeg 768w, https:\/\/toanhung.com\/wp-content\/uploads\/2023\/02\/octopus-1536x864.jpeg 1536w, https:\/\/toanhung.com\/wp-content\/uploads\/2023\/02\/octopus-2048x1152.jpeg 2048w, https:\/\/toanhung.com\/wp-content\/uploads\/2023\/02\/octopus-510x287.jpeg 510w\" sizes=\"(max-width: 1020px) 100vw, 1020px\" \/>\t\t\t\t\t\t\n\t\t\t\t\t<\/div>\n\t\t\t\t\t\t\t\t\n<style>\n#image_1731731839 {\n  width: 100%;\n}\n<\/style>\n\t<\/div>\n\t\n\t\t<\/div>\n\t\t\t\t\t<\/div>\n\n\t\n\n\t<div id=\"col-149280100\" class=\"col medium-6 small-12 large-6\"  >\n\t\t\t\t<div class=\"col-inner\"  >\n\t\t\t\n\t\t\t\n\t<div class=\"img has-hover x md-x lg-x y md-y lg-y\" id=\"image_1850703466\">\n\t\t\t\t\t\t\t\t<div class=\"img-inner image-cover dark\" style=\"padding-top:75%;\">\n\t\t\t<img loading=\"lazy\" decoding=\"async\" width=\"1020\" height=\"721\" src=\"https:\/\/toanhung.com\/wp-content\/uploads\/2023\/02\/panga--scaled-e1678847104184-1131x800.jpeg\" class=\"attachment-large size-large\" alt=\"Pangasius Fillet\" srcset=\"https:\/\/toanhung.com\/wp-content\/uploads\/2023\/02\/panga--scaled-e1678847104184-1131x800.jpeg 1131w, https:\/\/toanhung.com\/wp-content\/uploads\/2023\/02\/panga--scaled-e1678847104184-565x400.jpeg 565w, https:\/\/toanhung.com\/wp-content\/uploads\/2023\/02\/panga--scaled-e1678847104184-768x543.jpeg 768w, https:\/\/toanhung.com\/wp-content\/uploads\/2023\/02\/panga--scaled-e1678847104184-1536x1087.jpeg 1536w, https:\/\/toanhung.com\/wp-content\/uploads\/2023\/02\/panga--scaled-e1678847104184-2048x1449.jpeg 2048w, https:\/\/toanhung.com\/wp-content\/uploads\/2023\/02\/panga--scaled-e1678847104184-510x361.jpeg 510w\" sizes=\"(max-width: 1020px) 100vw, 1020px\" \/>\t\t\t\t\t\t\n\t\t\t\t\t<\/div>\n\t\t\t\t\t\t\t\t\n<style>\n#image_1850703466 {\n  width: 100%;\n}\n<\/style>\n\t<\/div>\n\t\n\t\t<\/div>\n\t\t\t\t\t<\/div>\n\n\t\n<\/div>\n\t\t<\/div>\n\t\t\t\t\t<\/div>\n\n\t\n<\/div>\n","protected":false},"excerpt":{"rendered":"<p>Ch\u1ea5t l\u00e0m tr\u1eafng \u0111\u01b0\u1ee3c s\u1eed d\u1ee5ng r\u1ed9ng r\u00e3i tr\u00ean c\u00e1 tra v\u00e0 m\u1ef1c, b\u1ea1ch tu\u1ed9c<\/p>\n","protected":false},"featured_media":496,"comment_status":"open","ping_status":"closed","template":"","meta":{"rank_math_lock_modified_date":false},"product_cat":[60],"product_tag":[],"class_list":{"0":"post-423","1":"product","2":"type-product","3":"status-publish","4":"has-post-thumbnail","6":"product_cat-chat-lam-trang","8":"first","9":"instock","10":"shipping-taxable","11":"product-type-simple"},"_links":{"self":[{"href":"https:\/\/toanhung.com\/vi\/wp-json\/wp\/v2\/product\/423"}],"collection":[{"href":"https:\/\/toanhung.com\/vi\/wp-json\/wp\/v2\/product"}],"about":[{"href":"https:\/\/toanhung.com\/vi\/wp-json\/wp\/v2\/types\/product"}],"replies":[{"embeddable":true,"href":"https:\/\/toanhung.com\/vi\/wp-json\/wp\/v2\/comments?post=423"}],"wp:featuredmedia":[{"embeddable":true,"href":"https:\/\/toanhung.com\/vi\/wp-json\/wp\/v2\/media\/496"}],"wp:attachment":[{"href":"https:\/\/toanhung.com\/vi\/wp-json\/wp\/v2\/media?parent=423"}],"wp:term":[{"taxonomy":"product_cat","embeddable":true,"href":"https:\/\/toanhung.com\/vi\/wp-json\/wp\/v2\/product_cat?post=423"},{"taxonomy":"product_tag","embeddable":true,"href":"https:\/\/toanhung.com\/vi\/wp-json\/wp\/v2\/product_tag?post=423"}],"curies":[{"name":"wp","href":"https:\/\/api.w.org\/{rel}","templated":true}]}}